{"id":101,"date":"2016-03-27T16:39:58","date_gmt":"2016-03-27T16:39:58","guid":{"rendered":"http:\/\/www.angoloavventurabari.it\/?page_id=101"},"modified":"2023-12-12T00:03:17","modified_gmt":"2023-12-11T23:03:17","slug":"francesco-pomes","status":"publish","type":"page","link":"https:\/\/www.angoloavventurabari.it\/index.php\/francesco-pomes\/","title":{"rendered":"Francesco Pomes"},"content":{"rendered":"<p><strong><em>\u00a0<\/em><\/strong><\/p>\n<p><em>La vita \u00e8 un viaggio, chi viaggia vive due volte<\/em><em>\u00a0(Omar Khayyam, poeta persiano, XI secolo)<\/em><\/p>\n<p>IL VIAGGIO E\u2019 CULTURA, SOGNO, EVOLUZIONE.<br \/>\nLa passione per il viaggio \u00e8 nata in me sin da bambino, quando mio padre mi portava a pescare: salendo sul muraglione del porto, come per magia d\u2019un tratto appariva ai miei occhi l\u2019infinita distesa blu del Mediterraneo! E allora mi immaginavo su barche che solcavano le onde e navigavano per misteriose terre lontane, e sognavo di incontrare genti che parlavano altre lingue e avevano culture diverse.<\/p>\n<p>Cos\u00ec, la passione per il viaggio, con i suoi valori di conoscenza e confronto, \u00e8 divenuta per me necessit\u00e0.<br \/>\nL\u2019esperienza del viaggio, di un viaggio di qualit\u00e0, accresce il bagaglio culturale del viaggiatore, lo porta e trasporta in un altrove, in un sogno che si avvera, fatto di nuovi paesaggi, di nuovi sguardi, di nuove lingue, che saranno occasione di apprendimento e di scambio, talvolta di rimodulazione di certe inscanfibili convinzioni.<br \/>\nEd \u00e8 indubbio che un viaggio da consapevoli \u00e8 opportunit\u00e0 di arricchimento e di crescita, di evoluzione, anche interiore.<\/p>\n<p>A partire dal 1980 sono stato quattro volte, da solo, in India, principalmente per studiare yoga, e durante quelle permanenze ho conosciuto un paese straordinariamente ricco, e, al contempo, straordinariamente povero: l\u2019esperienza di quei viaggi ti fa capire che puoi non aver nulla, pur possedendo molto.<\/p>\n<p>Il primo viaggio con Avventure \u00e8 stato un ineguagliabile e lungo Malaysia-Borneo nel 1983; con una navigazione di tre giorni sul fiume nella giungla, raggiungemmo le trib\u00f9 dei Daiacchi, ex guerrieri cacciatori di teste, che vivono tuttora su palafitte, e rimanemmo loro ospiti per alcuni giorni. Una vera Avventura, che al tempo mi diede un impulso fortissimo per il viaggio.<\/p>\n<p>Come coordinatore ho viaggiato in vari paesi: Marocco, Syria, Giordania, Libano, Cuba, Zambia, Zimbabwe, Malawi, Mozambico, Kenya, Messico, Botswana, Namibia, Sudafrica, Birmania, Colombia, India-Isole Andamane, Tanzania, Zanzibar, Seychelles, Maldive, USA, Turchia,Norvegia,Isole Lofoten,Indonesia\/Raja Ampat,Islanda\u2026 e come viaggiatore autonomo sono stato in \u2026 tanti luoghi del nostro meraviglioso pianeta (dal Sahara allo Yemen, dalla sperduta isola di Ouessant nell\u2019Atlantico alle raffinate Cicladi occidentali, o alle incantevoli isole polinesiane, dal Kota Kinabalu in Malaysia al Dal Lake in Kashmir, e poi ancora tanta Europa).<\/p>\n<p>Ma, al di l\u00e0 di tutto, sento molto vero, e faccio mio, il pensiero di Fernando Pessoa:<br \/>\nLa vita \u00e8 ci\u00f2 che facciamo di essa, i viaggi sono i viaggiatori, ci\u00f2 che vediamo non \u00e8 ci\u00f2 che vediamo, ma ci\u00f2 che siamo.<\/p>\n<p>Cell.: 339.3432883<br \/>\neMail:\u00a0<a href=\"mailto:f.*******@***il.com\" data-original-string=\"pPlzAXqKtBl\/n1ZfjWVzuQ==01407+4YZCyZ+rLFHF1f1FSwPvxi6EdWLBdGAmOP5Sd9nw=\" title=\"This contact has been encoded by Anti-Spam by CleanTalk. Click to decode. To finish the decoding make sure that JavaScript is enabled in your browser.\"><span \n                data-original-string='HpTcjDX81Cpjsa3P3I3uIg==014Czk41OKi7cGY8IPkeOTuXv5XBUBO3rl43tKLS8yxVqM='\n                class='apbct-email-encoder'\n                title='This contact has been encoded by Anti-Spam by CleanTalk. Click to decode. To finish the decoding make sure that JavaScript is enabled in your browser.'>f.<span class=\"apbct-blur\">*******<\/span>@<span class=\"apbct-blur\">***<\/span>il.com<\/span><\/a><\/p>\n","protected":false},"excerpt":{"rendered":"<p>\u00a0 La vita \u00e8 un viaggio, chi viaggia vive due volte\u00a0(Omar Khayyam, poeta persiano, XI secolo) IL VIAGGIO E\u2019 CULTURA, SOGNO, EVOLUZIONE. La passione per il viaggio \u00e8 nata in me sin da bambino, quando mio padre mi portava a&#8230; <a class=\"read-more-button\" href=\"https:\/\/www.angoloavventurabari.it\/index.php\/francesco-pomes\/\">(LEGGI TUTTO)<\/a><\/p>\n","protected":false},"author":1,"featured_media":102,"parent":0,"menu_order":0,"comment_status":"closed","ping_status":"closed","template":"","meta":{"jetpack_post_was_ever_published":false,"footnotes":""},"class_list":["post-101","page","type-page","status-publish","has-post-thumbnail","hentry"],"jetpack_sharing_enabled":true,"jetpack_shortlink":"https:\/\/wp.me\/P7nIYh-1D","jetpack-related-posts":[],"_links":{"self":[{"href":"https:\/\/www.angoloavventurabari.it\/index.php\/wp-json\/wp\/v2\/pages\/101","targetHints":{"allow":["GET"]}}],"collection":[{"href":"https:\/\/www.angoloavventurabari.it\/index.php\/wp-json\/wp\/v2\/pages"}],"about":[{"href":"https:\/\/www.angoloavventurabari.it\/index.php\/wp-json\/wp\/v2\/types\/page"}],"author":[{"embeddable":true,"href":"https:\/\/www.angoloavventurabari.it\/index.php\/wp-json\/wp\/v2\/users\/1"}],"replies":[{"embeddable":true,"href":"https:\/\/www.angoloavventurabari.it\/index.php\/wp-json\/wp\/v2\/comments?post=101"}],"version-history":[{"count":5,"href":"https:\/\/www.angoloavventurabari.it\/index.php\/wp-json\/wp\/v2\/pages\/101\/revisions"}],"predecessor-version":[{"id":2025,"href":"https:\/\/www.angoloavventurabari.it\/index.php\/wp-json\/wp\/v2\/pages\/101\/revisions\/2025"}],"wp:featuredmedia":[{"embeddable":true,"href":"https:\/\/www.angoloavventurabari.it\/index.php\/wp-json\/wp\/v2\/media\/102"}],"wp:attachment":[{"href":"https:\/\/www.angoloavventurabari.it\/index.php\/wp-json\/wp\/v2\/media?parent=101"}],"curies":[{"name":"wp","href":"https:\/\/api.w.org\/{rel}","templated":true}]}}