{"id":54,"date":"2016-03-27T10:59:34","date_gmt":"2016-03-27T10:59:34","guid":{"rendered":"http:\/\/www.angoloavventurabari.it\/?page_id=54"},"modified":"2016-03-27T10:59:34","modified_gmt":"2016-03-27T10:59:34","slug":"rosa-brattico","status":"publish","type":"page","link":"https:\/\/www.angoloavventurabari.it\/index.php\/rosa-brattico\/","title":{"rendered":"Rosa Brattico"},"content":{"rendered":"<h5>Viaggiare \u00e8 come sognare: la differenza \u00e8 che non tutti, al risveglio, ricordano qualcosa, mentre ognuno conserva calda la memoria della meta da cui \u00e8 tornato. Edgar Allan Poe.<\/p>\n<p>Ho cominciato a viaggiare con i miei genitori intorno ai 15\/16 anni. Andavamo in Trentino e mio padre ci faceva fare delle passegiate ora su sentieri tracciati ora su percorsi improvvisati. E&#8217; nato l\u00ec in quei luoghi l&#8217;amore per la montagna e la natura. Successivamente ho continuato la scoperta dei luoghi attraverso escursioni con gruppi locali. Questa esperienza mi ha portato ad avere la cursiosit\u00e0 di conoscere anche le persone dei luoghi visitati. Cos\u00ec non riesco a stare a lungo a casa senza andare, conoscere, scoprire. Per ora ho fatto ancora poco, ma mi propongo di viaggiare molto. &#8220;Le persone non fanno i viaggi, sono i viaggi che fanno le persone.&#8221; (John Steinbeck).<\/p>\n<p>Viaggi fatti: Azzorre, Sri Lanka, Islanda.<\/h5>\n<p>&nbsp;<\/p>\n<h5>328 0083163 &#8211; 366 6820740<br \/>\neMail:\u00a0<a href=\"mailto:ro********@****ro.it\" data-original-string=\"8iDRV\/TRqHwSkfPzDtlVDQ==014BAjDLappJcgvJ40cLbPX5tlEf6WiGZWhdgiEbNHAvkg=\" title=\"This contact has been encoded by Anti-Spam by CleanTalk. Click to decode. To finish the decoding make sure that JavaScript is enabled in your browser.\"><span \n                data-original-string='rWHJuNcKbeLLv3BKYqHSIA==014rxrq\/BJrYTDjpEgompC7cc8vCXl9xZP18FnZGpFr1gA='\n                class='apbct-email-encoder'\n                title='This contact has been encoded by Anti-Spam by CleanTalk. Click to decode. To finish the decoding make sure that JavaScript is enabled in your browser.'>ro<span class=\"apbct-blur\">********<\/span>@<span class=\"apbct-blur\">****<\/span>ro.it<\/span><\/a><\/h5>\n","protected":false},"excerpt":{"rendered":"<p>Viaggiare \u00e8 come sognare: la differenza \u00e8 che non tutti, al risveglio, ricordano qualcosa, mentre ognuno conserva calda la memoria della meta da cui \u00e8 tornato. Edgar Allan Poe. Ho cominciato a viaggiare con i miei genitori intorno ai 15\/16&#8230; <a class=\"read-more-button\" href=\"https:\/\/www.angoloavventurabari.it\/index.php\/rosa-brattico\/\">(LEGGI TUTTO)<\/a><\/p>\n","protected":false},"author":1,"featured_media":55,"parent":0,"menu_order":0,"comment_status":"closed","ping_status":"closed","template":"","meta":{"jetpack_post_was_ever_published":false,"footnotes":""},"class_list":["post-54","page","type-page","status-publish","has-post-thumbnail","hentry"],"jetpack_sharing_enabled":true,"jetpack_shortlink":"https:\/\/wp.me\/P7nIYh-S","jetpack-related-posts":[],"_links":{"self":[{"href":"https:\/\/www.angoloavventurabari.it\/index.php\/wp-json\/wp\/v2\/pages\/54","targetHints":{"allow":["GET"]}}],"collection":[{"href":"https:\/\/www.angoloavventurabari.it\/index.php\/wp-json\/wp\/v2\/pages"}],"about":[{"href":"https:\/\/www.angoloavventurabari.it\/index.php\/wp-json\/wp\/v2\/types\/page"}],"author":[{"embeddable":true,"href":"https:\/\/www.angoloavventurabari.it\/index.php\/wp-json\/wp\/v2\/users\/1"}],"replies":[{"embeddable":true,"href":"https:\/\/www.angoloavventurabari.it\/index.php\/wp-json\/wp\/v2\/comments?post=54"}],"version-history":[{"count":1,"href":"https:\/\/www.angoloavventurabari.it\/index.php\/wp-json\/wp\/v2\/pages\/54\/revisions"}],"predecessor-version":[{"id":56,"href":"https:\/\/www.angoloavventurabari.it\/index.php\/wp-json\/wp\/v2\/pages\/54\/revisions\/56"}],"wp:featuredmedia":[{"embeddable":true,"href":"https:\/\/www.angoloavventurabari.it\/index.php\/wp-json\/wp\/v2\/media\/55"}],"wp:attachment":[{"href":"https:\/\/www.angoloavventurabari.it\/index.php\/wp-json\/wp\/v2\/media?parent=54"}],"curies":[{"name":"wp","href":"https:\/\/api.w.org\/{rel}","templated":true}]}}