{"id":89,"date":"2016-03-27T16:30:03","date_gmt":"2016-03-27T16:30:03","guid":{"rendered":"http:\/\/www.angoloavventurabari.it\/?page_id=89"},"modified":"2019-09-20T15:06:46","modified_gmt":"2019-09-20T13:06:46","slug":"morena-pacifico","status":"publish","type":"page","link":"https:\/\/www.angoloavventurabari.it\/index.php\/morena-pacifico\/","title":{"rendered":"Morena Pacifico"},"content":{"rendered":"<p><strong>Laureata in economia e commercio, funzionario di un Ente pubblico per professione e viaggiatrice per hobby (il contrario mi piacerebbe di pi\u00f9). <\/strong><strong>Da oltre 30 anni alimento una passione con una curiosit\u00e0 senza fine e lo spirito del nomade: viaggiare alla scoperta del mondo per conoscere me pi\u00f9 che gli altri.<\/strong><br \/>\n<strong>Molti i Paesi visitati da sola o con amici (da sette anni come tour leader), spinta dalla voglia di conoscere tutto e con il complesso di inferiorit\u00e0 di non aver mai visto abbastanza. <\/strong><br \/>\n<strong>Tanti i Paesi \u201crivisitati con la mente\u201d per dare informazioni ad amici e conoscenti.<\/strong><br \/>\n<strong>Dal deserto del Sahara a quello del Thar, dai mercati africani, ricchi di umanit\u00e0 e rumori, ai silenzi delle savane. Ma non c\u2019\u00e8 un Paese a cui penso di pi\u00f9, un posto che mi sia piaciuto pi\u00f9 di un altro. Anzi, la domanda mi lascia sempre attonita, perch\u00e9 presuppone il bello di un luogo prescindendo da come l\u2019hai visto, o da come potrai rivederlo, nelle diverse e cangianti stagioni della vita.<\/strong><br \/>\n<strong>Viaggio dopo viaggio ho reso affidabile la mia sensibilit\u00e0 all\u2019istinto, aprendomi strade che ora ripercorro in compagnia di chi viaggia con me.<\/strong><br \/>\n<strong>Molto spesso basta uscire dai luoghi della nostra vita comune e le cose succedono: \u201cLife start when you leave your comfort zone\u201d \u00e8 la frase che avrei voluto scrivere io e che ogni volta che pronuncio mi provoca quella stessa vaga sensazione di delusione che provano i fotografi quando vedono la foto perfetta, quella che riesce ad esprimere in maniera cos\u00ec ovvia un concetto cos\u00ec importante. Ma non l\u2019hai fatta tu.<\/strong><br \/>\n<strong>Di ritorno da un viaggio non sono mai tornata la stessa persona che ero alla partenza: per un motivo o per l\u2019altro, da ogni viaggio ho avuto (e perduto) cose che mi hanno comunque arricchita.<br \/>\nTra tutti i viaggiatori coloro che preferisco sono quelli che \u201cse fossi un vero viaggiatore avrei gi\u00e0 incontrato\u201d. Non \u00e8 solo un verso di una canzone, \u00e8 la motivazione a non fermarmi.<\/strong><\/p>\n<p><strong>Cellulare: 349.5798014<\/strong><strong><br \/>\ne-mail:\u00a0<\/strong><a href=\"mailto:mo********@*****il.com\" data-original-string=\"d3vRg6Hun6iFiHYiGNYDbg==014mq+sPzumjy+duWz2ynpjcNS0E6+3hNc7OEq+Guvg4zU=\" title=\"This contact has been encoded by Anti-Spam by CleanTalk. Click to decode. To finish the decoding make sure that JavaScript is enabled in your browser.\"><strong><span \n                data-original-string='LqTxE+Xq1de06tRdW\/+u1g==014x7SGsT4Pe10+QrsUvOsLeeEql5Qrkp\/INbZQAgwsKf4='\n                class='apbct-email-encoder'\n                title='This contact has been encoded by Anti-Spam by CleanTalk. Click to decode. To finish the decoding make sure that JavaScript is enabled in your browser.'>mo<span class=\"apbct-blur\">********<\/span>@<span class=\"apbct-blur\">*****<\/span>il.com<\/span><\/strong><\/a><\/p>\n<p>&nbsp;<\/p>\n","protected":false},"excerpt":{"rendered":"<p>Laureata in economia e commercio, funzionario di un Ente pubblico per professione e viaggiatrice per hobby (il contrario mi piacerebbe di pi\u00f9). Da oltre 30 anni alimento una passione con una curiosit\u00e0 senza fine e lo spirito del nomade: viaggiare&#8230; <a class=\"read-more-button\" href=\"https:\/\/www.angoloavventurabari.it\/index.php\/morena-pacifico\/\">(LEGGI TUTTO)<\/a><\/p>\n","protected":false},"author":1,"featured_media":90,"parent":0,"menu_order":0,"comment_status":"closed","ping_status":"closed","template":"","meta":{"jetpack_post_was_ever_published":false,"footnotes":""},"class_list":["post-89","page","type-page","status-publish","has-post-thumbnail","hentry"],"jetpack_sharing_enabled":true,"jetpack_shortlink":"https:\/\/wp.me\/P7nIYh-1r","jetpack-related-posts":[],"_links":{"self":[{"href":"https:\/\/www.angoloavventurabari.it\/index.php\/wp-json\/wp\/v2\/pages\/89","targetHints":{"allow":["GET"]}}],"collection":[{"href":"https:\/\/www.angoloavventurabari.it\/index.php\/wp-json\/wp\/v2\/pages"}],"about":[{"href":"https:\/\/www.angoloavventurabari.it\/index.php\/wp-json\/wp\/v2\/types\/page"}],"author":[{"embeddable":true,"href":"https:\/\/www.angoloavventurabari.it\/index.php\/wp-json\/wp\/v2\/users\/1"}],"replies":[{"embeddable":true,"href":"https:\/\/www.angoloavventurabari.it\/index.php\/wp-json\/wp\/v2\/comments?post=89"}],"version-history":[{"count":5,"href":"https:\/\/www.angoloavventurabari.it\/index.php\/wp-json\/wp\/v2\/pages\/89\/revisions"}],"predecessor-version":[{"id":1235,"href":"https:\/\/www.angoloavventurabari.it\/index.php\/wp-json\/wp\/v2\/pages\/89\/revisions\/1235"}],"wp:featuredmedia":[{"embeddable":true,"href":"https:\/\/www.angoloavventurabari.it\/index.php\/wp-json\/wp\/v2\/media\/90"}],"wp:attachment":[{"href":"https:\/\/www.angoloavventurabari.it\/index.php\/wp-json\/wp\/v2\/media?parent=89"}],"curies":[{"name":"wp","href":"https:\/\/api.w.org\/{rel}","templated":true}]}}