{"id":92,"date":"2016-03-27T16:33:58","date_gmt":"2016-03-27T16:33:58","guid":{"rendered":"http:\/\/www.angoloavventurabari.it\/?page_id=92"},"modified":"2025-12-01T21:38:22","modified_gmt":"2025-12-01T20:38:22","slug":"paola-palumbo","status":"publish","type":"page","link":"https:\/\/www.angoloavventurabari.it\/index.php\/paola-palumbo\/","title":{"rendered":"Paola Palumbo"},"content":{"rendered":"\n<blockquote class=\"wp-block-quote is-layout-flow wp-block-quote-is-layout-flow\">\n<p>&#8220;Quel giorno, non so proprio perch\u00e8, decisi di andare a correre un po&#8217;, perci\u00f2 corsi fino alla fine della strada, e una volta l\u00ec pensai di correre fino alla fine della citt\u00e0, e una volta l\u00ec pensai di correre attraverso la contea di Greenbow. Poi mi dissi, visto che sono arrivato fino a qui tanto vale correre attraverso il bellissimo stato dell&#8217;Alabama, e cos\u00ec feci. Corsi fino all&#8217;Oceano Pacifico e, una volta l\u00ec&#8217;, mi dissi, visto che sono arrivato fino a qui, tanto vale girarmi di nuovo e continuare a correre&#8221;. <strong>Forrest Gump<\/strong><\/p>\n<\/blockquote>\n\n\n\n<h5 class=\"wp-block-heading\">Il viaggio, per sua stessa definizione, indica il continuo movimento e cos\u00ec quando si inizia a viaggiare \u00e8 veramente difficile smettere perch\u00e9 la meta cambia sempre, cambia quando sei ancora in viaggio. Mentre sei in giro provi quella sensazione unica fatta di inquietudine e appagamento al tempo stesso.<\/h5>\n\n\n\n<p>Mia madre mi chiamava &#8220;la ragazza con la valigia&#8221; perch\u00e9 ero sempre pronta col piede sull&#8217;uscio a buttarmi in qualche avventura. Subito dopo la laurea in lingue e letterature straniere ho voluto testare sul campo quello che avevo fino ad allora imparato solo sulla carta e sono andata a vivere negli Stati Uniti d&#8217;America per un anno.<br>E&#8217; stato un colpo di fulmine, amore a prima vista. Quando sono a casa in Italia, gli USA mi mancano da morire, tanto da sentire il Mal d&#8217;America &#8211; esiste! Non c&#8217;\u00e8 solo il mal d&#8217;Africa! &#8211; e quando ci torno per un viaggio, per lavoro o per una vacanza, mi sento &#8220;a casa&#8221;.<\/p>\n\n\n\n<p>Come tutti i viaggiatori a me piace girare il mondo, scoprire le diverse tradizioni, i cibi, lo spettacolo della natura che in ogni Paese \u00e8 diverso ma dopo un po&#8217; sento il bisogno di tornare &#8220;a casa&#8221; negli USA.<br>Home is where the heart is.<\/p>\n\n\n\n<p>Viaggi con Avventure nel Mondo<br>2006: Cuba libre<br>2006: Istanbul e oltre<br>2007: Per\u00f9 e Bolivia<br>2010: Galles e Cornovaglia<br>2011: Irlanda<br>2011: Florida Express<br>2012: Far West<br>2012: Scozia<br>2012: Jamaica Express<br>2013: Florida Express<br>2013: Nordest Breve<br>2013: Marrakech Express<br>2013: Jamaica Express<br>2014: Northwest and Inside Passage Alaska<br>2014: Cappadocia Soft e Discovery<br>2015: California Express<br>2016: Noa Noa Fiji<br>2017: Portugao Meravilhao<br>2017: Thai Express<br>2018: Disney Family California<br>2019: Bretagna Loira Breve<br>2019: Big Hawaii<br>2020: Sardegna Sud Breve<br>2022: Pasion Colombia<\/p>\n\n\n\n<p>2023: La Digue Solo<br>2024: Thailandia<br>2025: Seychelles Express<br>2025: Brasile Mare<\/p>\n\n\n\n<p>&nbsp;<\/p>\n\n\n\n<p>&nbsp;<\/p>\n","protected":false},"excerpt":{"rendered":"<p>&#8220;Quel giorno, non so proprio perch\u00e8, decisi di andare a correre un po&#8217;, perci\u00f2 corsi fino alla fine della strada, e una volta l\u00ec pensai di correre fino alla fine della citt\u00e0, e una volta l\u00ec pensai di correre attraverso&#8230; <a class=\"read-more-button\" href=\"https:\/\/www.angoloavventurabari.it\/index.php\/paola-palumbo\/\">(LEGGI TUTTO)<\/a><\/p>\n","protected":false},"author":1,"featured_media":93,"parent":0,"menu_order":0,"comment_status":"closed","ping_status":"closed","template":"","meta":{"jetpack_post_was_ever_published":false,"footnotes":""},"class_list":["post-92","page","type-page","status-publish","has-post-thumbnail","hentry"],"jetpack_sharing_enabled":true,"jetpack_shortlink":"https:\/\/wp.me\/P7nIYh-1u","jetpack-related-posts":[],"_links":{"self":[{"href":"https:\/\/www.angoloavventurabari.it\/index.php\/wp-json\/wp\/v2\/pages\/92","targetHints":{"allow":["GET"]}}],"collection":[{"href":"https:\/\/www.angoloavventurabari.it\/index.php\/wp-json\/wp\/v2\/pages"}],"about":[{"href":"https:\/\/www.angoloavventurabari.it\/index.php\/wp-json\/wp\/v2\/types\/page"}],"author":[{"embeddable":true,"href":"https:\/\/www.angoloavventurabari.it\/index.php\/wp-json\/wp\/v2\/users\/1"}],"replies":[{"embeddable":true,"href":"https:\/\/www.angoloavventurabari.it\/index.php\/wp-json\/wp\/v2\/comments?post=92"}],"version-history":[{"count":8,"href":"https:\/\/www.angoloavventurabari.it\/index.php\/wp-json\/wp\/v2\/pages\/92\/revisions"}],"predecessor-version":[{"id":2736,"href":"https:\/\/www.angoloavventurabari.it\/index.php\/wp-json\/wp\/v2\/pages\/92\/revisions\/2736"}],"wp:featuredmedia":[{"embeddable":true,"href":"https:\/\/www.angoloavventurabari.it\/index.php\/wp-json\/wp\/v2\/media\/93"}],"wp:attachment":[{"href":"https:\/\/www.angoloavventurabari.it\/index.php\/wp-json\/wp\/v2\/media?parent=92"}],"curies":[{"name":"wp","href":"https:\/\/api.w.org\/{rel}","templated":true}]}}