{"id":964,"date":"2018-03-03T12:22:02","date_gmt":"2018-03-03T11:22:02","guid":{"rendered":"http:\/\/www.angoloavventurabari.it\/?page_id=964"},"modified":"2025-01-30T22:51:47","modified_gmt":"2025-01-30T21:51:47","slug":"luigi_gallo","status":"publish","type":"page","link":"https:\/\/www.angoloavventurabari.it\/index.php\/luigi_gallo\/","title":{"rendered":"Luigi Gallo"},"content":{"rendered":"<p><a href=\"https:\/\/i0.wp.com\/www.angoloavventurabari.it\/wp-content\/uploads\/2016\/03\/GIGIGALLO.jpg\" rel=\"attachment wp-att-962\"><br \/>\n<img data-recalc-dims=\"1\" loading=\"lazy\" decoding=\"async\" data-attachment-id=\"962\" data-permalink=\"https:\/\/www.angoloavventurabari.it\/index.php\/chi-siamo\/gigigallo\/\" data-orig-file=\"https:\/\/i0.wp.com\/www.angoloavventurabari.it\/wp-content\/uploads\/2016\/03\/GIGIGALLO-e1728724218925.jpg?fit=587%2C553&amp;ssl=1\" data-orig-size=\"587,553\" data-comments-opened=\"1\" data-image-meta=\"{&quot;aperture&quot;:&quot;0&quot;,&quot;credit&quot;:&quot;&quot;,&quot;camera&quot;:&quot;&quot;,&quot;caption&quot;:&quot;&quot;,&quot;created_timestamp&quot;:&quot;0&quot;,&quot;copyright&quot;:&quot;&quot;,&quot;focal_length&quot;:&quot;0&quot;,&quot;iso&quot;:&quot;0&quot;,&quot;shutter_speed&quot;:&quot;0&quot;,&quot;title&quot;:&quot;&quot;,&quot;orientation&quot;:&quot;0&quot;}\" data-image-title=\"Luigi Gallo\" data-image-description=\"\" data-image-caption=\"&lt;p&gt;Luigi Gallo&lt;\/p&gt;\n\" data-medium-file=\"https:\/\/i0.wp.com\/www.angoloavventurabari.it\/wp-content\/uploads\/2016\/03\/GIGIGALLO-e1728724218925.jpg?fit=300%2C283&amp;ssl=1\" data-large-file=\"https:\/\/i0.wp.com\/www.angoloavventurabari.it\/wp-content\/uploads\/2016\/03\/GIGIGALLO-e1728724218925.jpg?fit=577%2C1024&amp;ssl=1\" class=\"wp-image-962 alignright\" src=\"https:\/\/i0.wp.com\/www.angoloavventurabari.it\/wp-content\/uploads\/2016\/03\/GIGIGALLO-169x300.jpg?resize=215%2C381\" alt=\"GIGIGALLO\" width=\"215\" height=\"381\" \/><\/a><\/p>\n<div id=\"x_yui_3_16_0_ym19_1_1519892078485_5595\" dir=\"ltr\">\n<div>\n<div id=\"x_ydp8e0ec91cx_yui_3_16_0_ym19_1_1519892078485_5595\" dir=\"ltr\" data-setdir=\"false\" data-olk-copy-source=\"MessageBody\">Ho iniziato, per curiosit\u00e0, con un viaggio a Cuba. Un Soft. S\u00ec perch\u00e9 come molti, la prima volta, ho titubato sino a quando tutti i &#8220;discovery&#8221; erano gi\u00e0 belli che chiusi. Ricordo di essere stato molto concentrato inizialmente sulla destinazione ma di essermi meravigliato della potenza del gruppo, una decina di sconosciuti che, nel bene e nel male, mi hanno fatto scopire un p\u00f2 di me. E&#8217; passato un p\u00f2 di tempo, tanti compagni di viaggio e qualche destinazione:<\/div>\n<div id=\"x_ydp8e0ec91cx_yui_3_16_0_ym19_1_1519892078485_5595\" dir=\"ltr\"><\/div>\n<div id=\"x_ydp8e0ec91cx_yui_3_16_0_ym19_1_1519892078485_5595\" dir=\"ltr\">Europa (tutta)<\/div>\n<div id=\"x_ydp8e0ec91cx_yui_3_16_0_ym19_1_1519892078485_5595\" dir=\"ltr\">USA (Route 66, NY, California)<\/div>\n<div id=\"x_ydp8e0ec91cx_yui_3_16_0_ym19_1_1519892078485_5595\" dir=\"ltr\">Sri Lanka<\/div>\n<div id=\"x_ydp8e0ec91cx_yui_3_16_0_ym19_1_1519892078485_5595\" dir=\"ltr\">Maldive<\/div>\n<div id=\"x_ydp8e0ec91cx_yui_3_16_0_ym19_1_1519892078485_5595\" dir=\"ltr\">Thailandia<\/div>\n<div id=\"x_ydp8e0ec91cx_yui_3_16_0_ym19_1_1519892078485_5595\" dir=\"ltr\">Azzorre<\/div>\n<div id=\"x_ydp8e0ec91cx_yui_3_16_0_ym19_1_1519892078485_5595\" dir=\"ltr\">Tunisia<\/div>\n<div id=\"x_ydp8e0ec91cx_yui_3_16_0_ym19_1_1519892078485_5595\" dir=\"ltr\">Russia<\/div>\n<div id=\"x_ydp8e0ec91cx_yui_3_16_0_ym19_1_1519892078485_5595\" dir=\"ltr\">Albania<\/div>\n<div id=\"x_ydp8e0ec91cx_yui_3_16_0_ym19_1_1519892078485_5595\" dir=\"ltr\" data-setdir=\"false\">Islanda<\/div>\n<div id=\"x_ydp8e0ec91cx_yui_3_16_0_ym19_1_1519892078485_5595\" dir=\"ltr\">Cuba<\/div>\n<div id=\"x_ydp8e0ec91cx_yui_3_16_0_ym19_1_1519892078485_5595\" dir=\"ltr\">Messico<\/div>\n<div id=\"x_ydp8e0ec91cx_yui_3_16_0_ym19_1_1519892078485_5595\" dir=\"ltr\" data-setdir=\"false\">Africa (Sud Africa, Tanzania)<\/div>\n<div id=\"x_ydp8e0ec91cx_yui_3_16_0_ym19_1_1519892078485_5595\" dir=\"ltr\" data-setdir=\"false\">Isole Andamane<\/div>\n<\/div>\n<div id=\"x_ydp8e0ec91cx_yui_3_16_0_ym19_1_1519892078485_5595\" dir=\"ltr\" data-setdir=\"false\"><\/div>\n<div id=\"x_ydp8e0ec91cx_yui_3_16_0_ym19_1_1519892078485_5595\" dir=\"ltr\" data-setdir=\"false\">Chiss\u00e0 che non ci si incontri prima o poi!<\/div>\n<div id=\"x_ydp8e0ec91cx_yui_3_16_0_ym19_1_1519892078485_5595\" dir=\"ltr\" data-setdir=\"false\"><\/div>\n<\/div>\n","protected":false},"excerpt":{"rendered":"<p>Ho iniziato, per curiosit\u00e0, con un viaggio a Cuba. Un Soft. S\u00ec perch\u00e9 come molti, la prima volta, ho titubato sino a quando tutti i &#8220;discovery&#8221; erano gi\u00e0 belli che chiusi. Ricordo di essere stato molto concentrato inizialmente sulla destinazione&#8230; <a class=\"read-more-button\" href=\"https:\/\/www.angoloavventurabari.it\/index.php\/luigi_gallo\/\">(LEGGI TUTTO)<\/a><\/p>\n","protected":false},"author":1,"featured_media":0,"parent":0,"menu_order":0,"comment_status":"closed","ping_status":"closed","template":"","meta":{"jetpack_post_was_ever_published":false,"footnotes":""},"class_list":["post-964","page","type-page","status-publish","hentry"],"jetpack_sharing_enabled":true,"jetpack_shortlink":"https:\/\/wp.me\/P7nIYh-fy","jetpack-related-posts":[],"_links":{"self":[{"href":"https:\/\/www.angoloavventurabari.it\/index.php\/wp-json\/wp\/v2\/pages\/964","targetHints":{"allow":["GET"]}}],"collection":[{"href":"https:\/\/www.angoloavventurabari.it\/index.php\/wp-json\/wp\/v2\/pages"}],"about":[{"href":"https:\/\/www.angoloavventurabari.it\/index.php\/wp-json\/wp\/v2\/types\/page"}],"author":[{"embeddable":true,"href":"https:\/\/www.angoloavventurabari.it\/index.php\/wp-json\/wp\/v2\/users\/1"}],"replies":[{"embeddable":true,"href":"https:\/\/www.angoloavventurabari.it\/index.php\/wp-json\/wp\/v2\/comments?post=964"}],"version-history":[{"count":7,"href":"https:\/\/www.angoloavventurabari.it\/index.php\/wp-json\/wp\/v2\/pages\/964\/revisions"}],"predecessor-version":[{"id":2434,"href":"https:\/\/www.angoloavventurabari.it\/index.php\/wp-json\/wp\/v2\/pages\/964\/revisions\/2434"}],"wp:attachment":[{"href":"https:\/\/www.angoloavventurabari.it\/index.php\/wp-json\/wp\/v2\/media?parent=964"}],"curies":[{"name":"wp","href":"https:\/\/api.w.org\/{rel}","templated":true}]}}