{"id":98,"date":"2016-03-27T16:37:45","date_gmt":"2016-03-27T16:37:45","guid":{"rendered":"http:\/\/www.angoloavventurabari.it\/?page_id=98"},"modified":"2025-10-31T06:20:39","modified_gmt":"2025-10-31T05:20:39","slug":"alberto-petrelli","status":"publish","type":"page","link":"https:\/\/www.angoloavventurabari.it\/index.php\/alberto-petrelli\/","title":{"rendered":"Alberto Petrelli"},"content":{"rendered":"<p>Coordina anche viaggi Discovery<\/p>\n<p>Strana questa cosa dei viaggi: una volta che cominci, \u00e8 difficile fermarsi. E&#8217; come essere alcolizzati. &#8220;Gore Vidal&#8221;\u2026 Ed \u00e8 vero! Ogni volta che torno da un viaggio sono gi\u00e0 con la mente al successivo da fare. Perch\u00e8 per me il \u201cviaggio\u201d non corrisponde alla \u201cvacanza\u201d&#8230; Conoscere popoli, luoghi, emozioni ed ogni altra cosa che permette di accrescere la propria personalit\u00e0 e cultura&#8230;<br \/>\nIl mondo \u00e8 cos\u00ec grande che difficilmente riuscir\u00f2 a vederlo tutto&#8230; per ora ci provo!<\/p>\n<p>Buon Viaggio!<\/p>\n<p>Cell.: 328.6225012<br \/>\nemail:\u00a0<a href=\"mailto:al**************@***il.com\" data-original-string=\"zugPCxysKDphS6mQP5ueqA==014gTzMbI9L8JS8Upiqjq5iC67DLag8OHzGoQF9VlnXwu8=\" title=\"This contact has been encoded by Anti-Spam by CleanTalk. Click to decode. To finish the decoding make sure that JavaScript is enabled in your browser.\"><span \n                data-original-string='46HSq9nGFehamsI0Sn4afQ==014Tak1KWL2pPOvZDNJt+sdSXwNo1FADlwQRL7n3b2cz4A='\n                class='apbct-email-encoder'\n                title='This contact has been encoded by Anti-Spam by CleanTalk. Click to decode. To finish the decoding make sure that JavaScript is enabled in your browser.'>al<span class=\"apbct-blur\">**************<\/span>@<span class=\"apbct-blur\">***<\/span>il.com<\/span><\/a><\/p>\n","protected":false},"excerpt":{"rendered":"<p>Coordina anche viaggi Discovery Strana questa cosa dei viaggi: una volta che cominci, \u00e8 difficile fermarsi. E&#8217; come essere alcolizzati. &#8220;Gore Vidal&#8221;\u2026 Ed \u00e8 vero! Ogni volta che torno da un viaggio sono gi\u00e0 con la mente al successivo da&#8230; <a class=\"read-more-button\" href=\"https:\/\/www.angoloavventurabari.it\/index.php\/alberto-petrelli\/\">(LEGGI TUTTO)<\/a><\/p>\n","protected":false},"author":1,"featured_media":99,"parent":0,"menu_order":0,"comment_status":"closed","ping_status":"closed","template":"","meta":{"jetpack_post_was_ever_published":false,"footnotes":""},"class_list":["post-98","page","type-page","status-publish","has-post-thumbnail","hentry"],"jetpack_sharing_enabled":true,"jetpack_shortlink":"https:\/\/wp.me\/P7nIYh-1A","jetpack-related-posts":[],"_links":{"self":[{"href":"https:\/\/www.angoloavventurabari.it\/index.php\/wp-json\/wp\/v2\/pages\/98","targetHints":{"allow":["GET"]}}],"collection":[{"href":"https:\/\/www.angoloavventurabari.it\/index.php\/wp-json\/wp\/v2\/pages"}],"about":[{"href":"https:\/\/www.angoloavventurabari.it\/index.php\/wp-json\/wp\/v2\/types\/page"}],"author":[{"embeddable":true,"href":"https:\/\/www.angoloavventurabari.it\/index.php\/wp-json\/wp\/v2\/users\/1"}],"replies":[{"embeddable":true,"href":"https:\/\/www.angoloavventurabari.it\/index.php\/wp-json\/wp\/v2\/comments?post=98"}],"version-history":[{"count":2,"href":"https:\/\/www.angoloavventurabari.it\/index.php\/wp-json\/wp\/v2\/pages\/98\/revisions"}],"predecessor-version":[{"id":533,"href":"https:\/\/www.angoloavventurabari.it\/index.php\/wp-json\/wp\/v2\/pages\/98\/revisions\/533"}],"wp:featuredmedia":[{"embeddable":true,"href":"https:\/\/www.angoloavventurabari.it\/index.php\/wp-json\/wp\/v2\/media\/99"}],"wp:attachment":[{"href":"https:\/\/www.angoloavventurabari.it\/index.php\/wp-json\/wp\/v2\/media?parent=98"}],"curies":[{"name":"wp","href":"https:\/\/api.w.org\/{rel}","templated":true}]}}